{"id":3523,"date":"2020-06-24T05:42:23","date_gmt":"2020-06-24T05:42:23","guid":{"rendered":"https:\/\/smartdata.tonytemplates.com\/bestel\/?page_id=2367"},"modified":"2022-01-24T10:48:33","modified_gmt":"2022-01-24T10:48:33","slug":"eventi","status":"publish","type":"page","link":"https:\/\/hotelorientzagreb.com\/?page_id=3523","title":{"rendered":"Eventi"},"content":{"rendered":"\t\t<div data-elementor-type=\"wp-page\" data-elementor-id=\"3523\" class=\"elementor elementor-3523\">\n\t\t\t\t\t\t\t\t\t<section class=\"elementor-section elementor-top-section elementor-element elementor-element-1e32ecd elementor-section-stretched elementor-section-boxed elementor-section-height-default elementor-section-height-default\" data-id=\"1e32ecd\" data-element_type=\"section\" data-settings=\"{&quot;stretch_section&quot;:&quot;section-stretched&quot;,&quot;background_background&quot;:&quot;classic&quot;}\">\n\t\t\t\t\t\t<div class=\"elementor-container elementor-column-gap-no\">\n\t\t\t\t\t<div class=\"elementor-column elementor-col-50 elementor-top-column elementor-element elementor-element-bc86f2c\" data-id=\"bc86f2c\" data-element_type=\"column\">\n\t\t\t<div class=\"elementor-widget-wrap elementor-element-populated\">\n\t\t\t\t\t\t\t\t<div class=\"elementor-element elementor-element-8429b93 elementor-widget elementor-widget-page_block\" data-id=\"8429b93\" data-element_type=\"widget\" data-widget_type=\"page_block.default\">\n\t\t\t\t<div class=\"elementor-widget-container\">\n\t\t\t\t\t\n\t\t\t\t\t<div class=\"container \">\n\t\t\t\t<div class=\"row\">\n\t\t\t\t\t<div class=\"col-md-12 col-lg\">\n\t\t\t\t\t\t<div class=\"row flex-lg-column\">\n\t\t\t\t\t\t\t<div class=\"col-sm-8 col-lg-auto\">\n\t\t\t\t\t\t\t\t<img decoding=\"async\" src=\"https:\/\/hotelorientzagreb.com\/wp-content\/uploads\/2021\/11\/6.jpeg\" class=\"img-fluid\" alt=\"\">\n\t\t\t\t\t\t\t<\/div>\n\t\t\t\t\t\t\t<div class=\"col-sm-4 col-lg-auto mt-3 mt-sm-0 mt-lg-3\">\n\t\t\t\t\t\t\t\t<div class=\"row\">\n\t\t\t\t\t\t\t\t\t<div class=\"col-6 col-sm-12 col-lg\">\n\t\t\t\t\t\t\t\t\t\t<img decoding=\"async\" src=\"\" class=\"img-fluid\" alt=\"\">\n\t\t\t\t\t\t\t\t\t<\/div>\n\t\t\t\t\t\t\t\t\t<div class=\"col-6 col-sm-12 col-lg mt-0 mt-sm-3 mt-lg-0\">\n\t\t\t\t\t\t\t\t\t\t<img decoding=\"async\" src=\"\" class=\"img-fluid\" alt=\"\">\n\t\t\t\t\t\t\t\t\t<\/div>\n\t\t\t\t\t\t\t\t<\/div>\n\t\t\t\t\t\t\t<\/div>\n\t\t\t\t\t\t<\/div>\n\t\t\t\t\t<\/div>\n\t\t\t\t<\/div>\n\t\t\t<\/div>\n\n\t\t\n\t\t\n\t\t\t\t<\/div>\n\t\t\t\t<\/div>\n\t\t\t\t\t<\/div>\n\t\t<\/div>\n\t\t\t\t<div class=\"elementor-column elementor-col-50 elementor-top-column elementor-element elementor-element-0a1063b\" data-id=\"0a1063b\" data-element_type=\"column\">\n\t\t\t<div class=\"elementor-widget-wrap elementor-element-populated\">\n\t\t\t\t\t\t\t\t<section class=\"elementor-section elementor-inner-section elementor-element elementor-element-49a0034 elementor-section-full_width elementor-section-height-default elementor-section-height-default\" data-id=\"49a0034\" data-element_type=\"section\">\n\t\t\t\t\t\t<div class=\"elementor-container elementor-column-gap-default\">\n\t\t\t\t\t<div class=\"elementor-column elementor-col-100 elementor-inner-column elementor-element elementor-element-0d73976\" data-id=\"0d73976\" data-element_type=\"column\">\n\t\t\t<div class=\"elementor-widget-wrap elementor-element-populated\">\n\t\t\t\t\t\t\t\t<div class=\"elementor-element elementor-element-12cb957 elementor-widget elementor-widget-text-editor\" data-id=\"12cb957\" data-element_type=\"widget\" data-widget_type=\"text-editor.default\">\n\t\t\t\t<div class=\"elementor-widget-container\">\n\t\t\t<style>\/*! elementor - v3.6.5 - 27-04-2022 *\/\n.elementor-widget-text-editor.elementor-drop-cap-view-stacked .elementor-drop-cap{background-color:#818a91;color:#fff}.elementor-widget-text-editor.elementor-drop-cap-view-framed .elementor-drop-cap{color:#818a91;border:3px solid;background-color:transparent}.elementor-widget-text-editor:not(.elementor-drop-cap-view-default) .elementor-drop-cap{margin-top:8px}.elementor-widget-text-editor:not(.elementor-drop-cap-view-default) .elementor-drop-cap-letter{width:1em;height:1em}.elementor-widget-text-editor .elementor-drop-cap{float:left;text-align:center;line-height:1;font-size:50px}.elementor-widget-text-editor .elementor-drop-cap-letter{display:inline-block}<\/style>\t\t\t\t<h3>Konferencijska sala<\/h3>\t\t\t\t\t\t<\/div>\n\t\t\t\t<\/div>\n\t\t\t\t\t<\/div>\n\t\t<\/div>\n\t\t\t\t\t\t\t<\/div>\n\t\t<\/section>\n\t\t\t\t<section class=\"elementor-section elementor-inner-section elementor-element elementor-element-2d03787 elementor-section-full_width col-sm col-lg-auto elementor-section-height-default elementor-section-height-default\" data-id=\"2d03787\" data-element_type=\"section\">\n\t\t\t\t\t\t<div class=\"elementor-container elementor-column-gap-no\">\n\t\t\t\t\t<div class=\"elementor-column elementor-col-100 elementor-inner-column elementor-element elementor-element-dc3a7be col-sm col-lg-auto\" data-id=\"dc3a7be\" data-element_type=\"column\">\n\t\t\t<div class=\"elementor-widget-wrap elementor-element-populated\">\n\t\t\t\t\t\t\t\t<div class=\"elementor-element elementor-element-cb6c367 elementor-widget elementor-widget-text-editor\" data-id=\"cb6c367\" data-element_type=\"widget\" data-widget_type=\"text-editor.default\">\n\t\t\t\t<div class=\"elementor-widget-container\">\n\t\t\t\t\t\t\t<h5 class=\"mb-2\">Istaknute karakteristike:<\/h5><ul class=\"circle-list\"><li>Kapaciteta je 40 mjesta i opremljena je kompletnom opremom, te je idealno mjesto za odr\u017eavanje poslovnih seminara, radionica, prezentacija, sastanaka, radnih ru\u010dkova ili ve\u010dera.\u00a0<\/li><li>Na\u0161 tim je uvijek spreman da vam pomogne u planiranju svakog doga\u0111anja<\/li><\/ul>\t\t\t\t\t\t<\/div>\n\t\t\t\t<\/div>\n\t\t\t\t\t<\/div>\n\t\t<\/div>\n\t\t\t\t\t\t\t<\/div>\n\t\t<\/section>\n\t\t\t\t\t<\/div>\n\t\t<\/div>\n\t\t\t\t\t\t\t<\/div>\n\t\t<\/section>\n\t\t\t\t<section class=\"elementor-section elementor-top-section elementor-element elementor-element-ac2f997 elementor-section-boxed elementor-section-height-default elementor-section-height-default\" data-id=\"ac2f997\" data-element_type=\"section\">\n\t\t\t\t\t\t<div class=\"elementor-container elementor-column-gap-default\">\n\t\t\t\t\t<div class=\"elementor-column elementor-col-100 elementor-top-column elementor-element elementor-element-f1b7d9a\" data-id=\"f1b7d9a\" data-element_type=\"column\">\n\t\t\t<div class=\"elementor-widget-wrap elementor-element-populated\">\n\t\t\t\t\t\t\t\t<div class=\"elementor-element elementor-element-2529ad5 elementor-widget elementor-widget-bestel_call_us\" data-id=\"2529ad5\" data-element_type=\"widget\" data-widget_type=\"bestel_call_us.default\">\n\t\t\t\t<div class=\"elementor-widget-container\">\n\t\t\t\t\t<div class=\"section\">\n\t\t\t<div class=\"container\">\n\t\t\t\t<div class=\"call-us text-center\">\n\t\t\t\t\t<div class=\"call-us-icon\">\n\t\t\t\t\t\t<i aria-hidden=\"true\" class=\" icon-call24\"><\/i><\/div>\n\t\t\t\t\t<h2>U\u017eivajte u na\u0161oj usluzi<\/h2>\n\t\t\t\t\t<p>Po Va\u0161oj \u017eelji mo\u017eete nas kontaktirati na:<\/p>\n\t\t\t\t\t<div class=\"call-us-phone\"><a href=\"tel:+38514954 210\">+385 (1) 4954 210<\/a>\n\t\t\t\t\t<\/div>\n\t\t\t\t<\/div>\n\t\t\t<\/div>\n\t\t<\/div>\n\t\t\t\t<\/div>\n\t\t\t\t<\/div>\n\t\t\t\t\t<\/div>\n\t\t<\/div>\n\t\t\t\t\t\t\t<\/div>\n\t\t<\/section>\n\t\t\t\t<section class=\"elementor-section elementor-top-section elementor-element elementor-element-e15c2ec elementor-section-stretched elementor-section-boxed elementor-section-height-default elementor-section-height-default\" data-id=\"e15c2ec\" data-element_type=\"section\" data-settings=\"{&quot;stretch_section&quot;:&quot;section-stretched&quot;}\">\n\t\t\t\t\t\t<div class=\"elementor-container elementor-column-gap-default\">\n\t\t\t\t\t<div class=\"elementor-column elementor-col-100 elementor-top-column elementor-element elementor-element-6fccc4a\" data-id=\"6fccc4a\" data-element_type=\"column\">\n\t\t\t<div class=\"elementor-widget-wrap elementor-element-populated\">\n\t\t\t\t\t\t\t\t<div class=\"elementor-element elementor-element-2b0afef elementor-widget elementor-widget-spacer\" data-id=\"2b0afef\" data-element_type=\"widget\" data-widget_type=\"spacer.default\">\n\t\t\t\t<div class=\"elementor-widget-container\">\n\t\t\t<style>\/*! elementor - v3.6.5 - 27-04-2022 *\/\n.e-container.e-container--row .elementor-spacer-inner{width:var(--spacer-size)}.e-container.e-container--column .elementor-spacer-inner,.elementor-column .elementor-spacer-inner{height:var(--spacer-size)}<\/style>\t\t<div class=\"elementor-spacer\">\n\t\t\t<div class=\"elementor-spacer-inner\"><\/div>\n\t\t<\/div>\n\t\t\t\t<\/div>\n\t\t\t\t<\/div>\n\t\t\t\t\t<\/div>\n\t\t<\/div>\n\t\t\t\t\t\t\t<\/div>\n\t\t<\/section>\n\t\t\t\t\t\t\t<\/div>\n\t\t","protected":false},"excerpt":{"rendered":"<p>Konferencijska sala Istaknute karakteristike: Kapaciteta je 40 mjesta i opremljena je kompletnom opremom, te je idealno mjesto za odr\u017eavanje poslovnih seminara, radionica, prezentacija, sastanaka, radnih ru\u010dkova ili ve\u010dera.\u00a0 Na\u0161 tim je uvijek spreman da vam pomogne u planiranju svakog doga\u0111anja U\u017eivajte u na\u0161oj usluzi Po Va\u0161oj \u017eelji mo\u017eete nas kontaktirati na: +385 (1) 4954 210<\/p>\n","protected":false},"author":1,"featured_media":0,"parent":0,"menu_order":0,"comment_status":"closed","ping_status":"closed","template":"","meta":{"footnotes":""},"class_list":["post-3523","page","type-page","status-publish","hentry"],"yoast_head":"<!-- This site is optimized with the Yoast SEO plugin v18.8 - https:\/\/yoast.com\/wordpress\/plugins\/seo\/ -->\n<title>Eventi &ndash; Hotel Orient Zagreb<\/title>\n<meta name=\"robots\" content=\"index, follow, max-snippet:-1, max-image-preview:large, max-video-preview:-1\" \/>\n<link rel=\"canonical\" href=\"https:\/\/hotelorientzagreb.com\/?page_id=3523\" \/>\n<meta property=\"og:locale\" content=\"en_US\" \/>\n<meta property=\"og:type\" content=\"article\" \/>\n<meta property=\"og:title\" content=\"Eventi &ndash; Hotel Orient Zagreb\" \/>\n<meta property=\"og:description\" content=\"Konferencijska sala Istaknute karakteristike: Kapaciteta je 40 mjesta i opremljena je kompletnom opremom, te je idealno mjesto za odr\u017eavanje poslovnih seminara, radionica, prezentacija, sastanaka, radnih ru\u010dkova ili ve\u010dera.\u00a0 Na\u0161 tim je uvijek spreman da vam pomogne u planiranju svakog doga\u0111anja U\u017eivajte u na\u0161oj usluzi Po Va\u0161oj \u017eelji mo\u017eete nas kontaktirati na: +385 (1) 4954 210\" \/>\n<meta property=\"og:url\" content=\"https:\/\/hotelorientzagreb.com\/?page_id=3523\" \/>\n<meta property=\"og:site_name\" content=\"Hotel Orient Zagreb\" \/>\n<meta property=\"article:publisher\" content=\"https:\/\/www.facebook.com\/hotelorientexpress\/\" \/>\n<meta property=\"article:modified_time\" content=\"2022-01-24T10:48:33+00:00\" \/>\n<meta property=\"og:image\" content=\"https:\/\/hotelorientzagreb.com\/wp-content\/uploads\/2021\/11\/6.jpeg\" \/>\n<meta name=\"twitter:card\" content=\"summary_large_image\" \/>\n<meta name=\"twitter:label1\" content=\"Est. reading time\" \/>\n\t<meta name=\"twitter:data1\" content=\"1 minute\" \/>\n<script type=\"application\/ld+json\" class=\"yoast-schema-graph\">{\"@context\":\"https:\/\/schema.org\",\"@graph\":[{\"@type\":\"Organization\",\"@id\":\"https:\/\/hotelorientzagreb.com\/#organization\",\"name\":\"Hotel Orient Express\",\"url\":\"https:\/\/hotelorientzagreb.com\/\",\"sameAs\":[\"https:\/\/www.facebook.com\/hotelorientexpress\/\"],\"logo\":{\"@type\":\"ImageObject\",\"inLanguage\":\"en-US\",\"@id\":\"https:\/\/hotelorientzagreb.com\/#\/schema\/logo\/image\/\",\"url\":\"https:\/\/wordpress.hotelorientzagreb.com\/wp-content\/uploads\/2021\/11\/Screen-Shot-2021-11-11-at-10.28.45.png\",\"contentUrl\":\"https:\/\/wordpress.hotelorientzagreb.com\/wp-content\/uploads\/2021\/11\/Screen-Shot-2021-11-11-at-10.28.45.png\",\"width\":134,\"height\":50,\"caption\":\"Hotel Orient Express\"},\"image\":{\"@id\":\"https:\/\/hotelorientzagreb.com\/#\/schema\/logo\/image\/\"}},{\"@type\":\"WebSite\",\"@id\":\"https:\/\/hotelorientzagreb.com\/#website\",\"url\":\"https:\/\/hotelorientzagreb.com\/\",\"name\":\"Hotel Orient Express\",\"description\":\"\",\"publisher\":{\"@id\":\"https:\/\/hotelorientzagreb.com\/#organization\"},\"potentialAction\":[{\"@type\":\"SearchAction\",\"target\":{\"@type\":\"EntryPoint\",\"urlTemplate\":\"https:\/\/hotelorientzagreb.com\/?s={search_term_string}\"},\"query-input\":\"required name=search_term_string\"}],\"inLanguage\":\"en-US\"},{\"@type\":\"ImageObject\",\"inLanguage\":\"en-US\",\"@id\":\"https:\/\/hotelorientzagreb.com\/?page_id=3523#primaryimage\",\"url\":\"https:\/\/hotelorientzagreb.com\/wp-content\/uploads\/2021\/11\/6.jpeg\",\"contentUrl\":\"https:\/\/hotelorientzagreb.com\/wp-content\/uploads\/2021\/11\/6.jpeg\",\"width\":1024,\"height\":683},{\"@type\":\"WebPage\",\"@id\":\"https:\/\/hotelorientzagreb.com\/?page_id=3523#webpage\",\"url\":\"https:\/\/hotelorientzagreb.com\/?page_id=3523\",\"name\":\"Eventi &ndash; Hotel Orient Zagreb\",\"isPartOf\":{\"@id\":\"https:\/\/hotelorientzagreb.com\/#website\"},\"primaryImageOfPage\":{\"@id\":\"https:\/\/hotelorientzagreb.com\/?page_id=3523#primaryimage\"},\"datePublished\":\"2020-06-24T05:42:23+00:00\",\"dateModified\":\"2022-01-24T10:48:33+00:00\",\"breadcrumb\":{\"@id\":\"https:\/\/hotelorientzagreb.com\/?page_id=3523#breadcrumb\"},\"inLanguage\":\"en-US\",\"potentialAction\":[{\"@type\":\"ReadAction\",\"target\":[\"https:\/\/hotelorientzagreb.com\/?page_id=3523\"]}]},{\"@type\":\"BreadcrumbList\",\"@id\":\"https:\/\/hotelorientzagreb.com\/?page_id=3523#breadcrumb\",\"itemListElement\":[{\"@type\":\"ListItem\",\"position\":1,\"name\":\"Home\",\"item\":\"https:\/\/hotelorientzagreb.com\/?page_id=4290&lang=en\"},{\"@type\":\"ListItem\",\"position\":2,\"name\":\"Eventi\"}]}]}<\/script>\n<!-- \/ Yoast SEO plugin. -->","yoast_head_json":{"title":"Eventi &ndash; Hotel Orient Zagreb","robots":{"index":"index","follow":"follow","max-snippet":"max-snippet:-1","max-image-preview":"max-image-preview:large","max-video-preview":"max-video-preview:-1"},"canonical":"https:\/\/hotelorientzagreb.com\/?page_id=3523","og_locale":"en_US","og_type":"article","og_title":"Eventi &ndash; Hotel Orient Zagreb","og_description":"Konferencijska sala Istaknute karakteristike: Kapaciteta je 40 mjesta i opremljena je kompletnom opremom, te je idealno mjesto za odr\u017eavanje poslovnih seminara, radionica, prezentacija, sastanaka, radnih ru\u010dkova ili ve\u010dera.\u00a0 Na\u0161 tim je uvijek spreman da vam pomogne u planiranju svakog doga\u0111anja U\u017eivajte u na\u0161oj usluzi Po Va\u0161oj \u017eelji mo\u017eete nas kontaktirati na: +385 (1) 4954 210","og_url":"https:\/\/hotelorientzagreb.com\/?page_id=3523","og_site_name":"Hotel Orient Zagreb","article_publisher":"https:\/\/www.facebook.com\/hotelorientexpress\/","article_modified_time":"2022-01-24T10:48:33+00:00","og_image":[{"url":"https:\/\/hotelorientzagreb.com\/wp-content\/uploads\/2021\/11\/6.jpeg"}],"twitter_card":"summary_large_image","twitter_misc":{"Est. reading time":"1 minute"},"schema":{"@context":"https:\/\/schema.org","@graph":[{"@type":"Organization","@id":"https:\/\/hotelorientzagreb.com\/#organization","name":"Hotel Orient Express","url":"https:\/\/hotelorientzagreb.com\/","sameAs":["https:\/\/www.facebook.com\/hotelorientexpress\/"],"logo":{"@type":"ImageObject","inLanguage":"en-US","@id":"https:\/\/hotelorientzagreb.com\/#\/schema\/logo\/image\/","url":"https:\/\/wordpress.hotelorientzagreb.com\/wp-content\/uploads\/2021\/11\/Screen-Shot-2021-11-11-at-10.28.45.png","contentUrl":"https:\/\/wordpress.hotelorientzagreb.com\/wp-content\/uploads\/2021\/11\/Screen-Shot-2021-11-11-at-10.28.45.png","width":134,"height":50,"caption":"Hotel Orient Express"},"image":{"@id":"https:\/\/hotelorientzagreb.com\/#\/schema\/logo\/image\/"}},{"@type":"WebSite","@id":"https:\/\/hotelorientzagreb.com\/#website","url":"https:\/\/hotelorientzagreb.com\/","name":"Hotel Orient Express","description":"","publisher":{"@id":"https:\/\/hotelorientzagreb.com\/#organization"},"potentialAction":[{"@type":"SearchAction","target":{"@type":"EntryPoint","urlTemplate":"https:\/\/hotelorientzagreb.com\/?s={search_term_string}"},"query-input":"required name=search_term_string"}],"inLanguage":"en-US"},{"@type":"ImageObject","inLanguage":"en-US","@id":"https:\/\/hotelorientzagreb.com\/?page_id=3523#primaryimage","url":"https:\/\/hotelorientzagreb.com\/wp-content\/uploads\/2021\/11\/6.jpeg","contentUrl":"https:\/\/hotelorientzagreb.com\/wp-content\/uploads\/2021\/11\/6.jpeg","width":1024,"height":683},{"@type":"WebPage","@id":"https:\/\/hotelorientzagreb.com\/?page_id=3523#webpage","url":"https:\/\/hotelorientzagreb.com\/?page_id=3523","name":"Eventi &ndash; Hotel Orient Zagreb","isPartOf":{"@id":"https:\/\/hotelorientzagreb.com\/#website"},"primaryImageOfPage":{"@id":"https:\/\/hotelorientzagreb.com\/?page_id=3523#primaryimage"},"datePublished":"2020-06-24T05:42:23+00:00","dateModified":"2022-01-24T10:48:33+00:00","breadcrumb":{"@id":"https:\/\/hotelorientzagreb.com\/?page_id=3523#breadcrumb"},"inLanguage":"en-US","potentialAction":[{"@type":"ReadAction","target":["https:\/\/hotelorientzagreb.com\/?page_id=3523"]}]},{"@type":"BreadcrumbList","@id":"https:\/\/hotelorientzagreb.com\/?page_id=3523#breadcrumb","itemListElement":[{"@type":"ListItem","position":1,"name":"Home","item":"https:\/\/hotelorientzagreb.com\/?page_id=4290&lang=en"},{"@type":"ListItem","position":2,"name":"Eventi"}]}]}},"_links":{"self":[{"href":"https:\/\/hotelorientzagreb.com\/index.php?rest_route=\/wp\/v2\/pages\/3523","targetHints":{"allow":["GET"]}}],"collection":[{"href":"https:\/\/hotelorientzagreb.com\/index.php?rest_route=\/wp\/v2\/pages"}],"about":[{"href":"https:\/\/hotelorientzagreb.com\/index.php?rest_route=\/wp\/v2\/types\/page"}],"author":[{"embeddable":true,"href":"https:\/\/hotelorientzagreb.com\/index.php?rest_route=\/wp\/v2\/users\/1"}],"replies":[{"embeddable":true,"href":"https:\/\/hotelorientzagreb.com\/index.php?rest_route=%2Fwp%2Fv2%2Fcomments&post=3523"}],"version-history":[{"count":23,"href":"https:\/\/hotelorientzagreb.com\/index.php?rest_route=\/wp\/v2\/pages\/3523\/revisions"}],"predecessor-version":[{"id":4694,"href":"https:\/\/hotelorientzagreb.com\/index.php?rest_route=\/wp\/v2\/pages\/3523\/revisions\/4694"}],"wp:attachment":[{"href":"https:\/\/hotelorientzagreb.com\/index.php?rest_route=%2Fwp%2Fv2%2Fmedia&parent=3523"}],"curies":[{"name":"wp","href":"https:\/\/api.w.org\/{rel}","templated":true}]}}